{"id":27,"date":"2026-03-02T10:01:30","date_gmt":"2026-03-02T10:01:30","guid":{"rendered":"https:\/\/utbildningssite.noboxdesign.se\/wp\/?page_id=27"},"modified":"2026-03-15T11:43:40","modified_gmt":"2026-03-15T11:43:40","slug":"om-oss","status":"publish","type":"page","link":"https:\/\/utbildningssite.noboxdesign.se\/wp\/om-oss\/","title":{"rendered":"Om oss"},"content":{"rendered":"<div id=\"block_acf-block-69b69b6a94b37\" class=\"wp-block-text-and-image mb-20 grid items-center gap-10 lg:grid-cols-2\" style=\"\">\n    <div class=\"wp-block-text-and-image__content \">\n        <p data-start=\"63\" data-end=\"347\">V\u00e5rdfokus Utbildning \u00e4r en digital plattform som samlar vidareutbildningar f\u00f6r sjuksk\u00f6terskor fr\u00e5n olika utbildningsanordnare i Sverige. M\u00e5let \u00e4r att g\u00f6ra det enkelt att hitta r\u00e4tt kurs, utbildning eller specialistutbildning f\u00f6r att utvecklas i yrkesrollen.<\/p>\n<p data-start=\"349\" data-end=\"606\">Efterfr\u00e5gan p\u00e5 specialistkompetens inom v\u00e5rden \u00f6kar och m\u00e5nga sjuksk\u00f6terskor vill vidareutbilda sig inom omr\u00e5den som intensivv\u00e5rd, anestesi, psykiatri, distriktssk\u00f6terska eller ledarskap. Samtidigt kan det vara sv\u00e5rt att f\u00e5 en tydlig \u00f6verblick \u00f6ver utbudet.<\/p>\n<p data-start=\"608\" data-end=\"825\">V\u00e5rdfokus Utbildning samlar d\u00e4rf\u00f6r aktuella utbildningar fr\u00e5n universitet, h\u00f6gskolor och andra utbildningsanordnare p\u00e5 ett st\u00e4lle \u2013 s\u00e5 att sjuksk\u00f6terskor enkelt kan j\u00e4mf\u00f6ra alternativ och hitta n\u00e4sta steg i karri\u00e4ren.<\/p>\n\n    <\/div>\n\n            <div>\n            <picture>\n                                    <source media=\"(min-width: 1000px)\" srcset=\"https:\/\/utbildningssite.noboxdesign.se\/app\/uploads\/2026\/03\/siora-photography-hgFY1mZY-Y0-unsplash-1024x673.jpg\" type=\"image\/jpeg\" width=\"1024\" height=\"673\">\n                                                <source media=\"(max-width: 999px)\" srcset=\"https:\/\/utbildningssite.noboxdesign.se\/app\/uploads\/2026\/03\/siora-photography-hgFY1mZY-Y0-unsplash-768x505.jpg\" type=\"image\/jpeg\" width=\"768\" height=\"505\">\n                    \n        <img decoding=\"async\" class=\"my-0 rounded-3xl\" src=\"https:\/\/utbildningssite.noboxdesign.se\/app\/uploads\/2026\/03\/siora-photography-hgFY1mZY-Y0-unsplash-1024x673.jpg\" alt=\"\" loading=\"lazy\" width=\"1024\" height=\"673\">\n    <\/picture>\n        <\/div>\n    <\/div>\n\n\n<div id=\"block_acf-block-69b69b6a94bff\" class=\"wp-block-icon-spots lg:grid-cols-3 mb-20 grid gap-8\" style=\"\">\n                        <div class=\"flex flex-col items-center gap-3 rounded-2xl border border-neutral bg-white p-6 text-center\">\n                <div class=\"flex h-12 w-12 items-center justify-center rounded-xl bg-slate-100 text-white\">\n                    <i class=\"far fa-clock text-lg text-primary\"><\/i>\n                <\/div>\n                <h3 class=\"mb-2 mt-0 max-w-md text-md font-bold text-slate-800\">Hitta r\u00e4tt utbildning<\/h3>\n                <span class=\"max-w-md text-sm\">Hitta och j\u00e4mf\u00f6r vidareutbildningar och specialistutbildningar f\u00f6r sjuksk\u00f6terskor i hela Sverige.<\/span>\n            <\/div>\n                    <div class=\"flex flex-col items-center gap-3 rounded-2xl border border-neutral bg-white p-6 text-center\">\n                <div class=\"flex h-12 w-12 items-center justify-center rounded-xl bg-slate-100 text-white\">\n                    <i class=\"far fa-question text-lg text-primary\"><\/i>\n                <\/div>\n                <h3 class=\"mb-2 mt-0 max-w-md text-md font-bold text-slate-800\">Enkelt att j\u00e4mf\u00f6ra<\/h3>\n                <span class=\"max-w-md text-sm\">Vi samlar utbildningar p\u00e5 ett st\u00e4lle s\u00e5 att du enkelt kan j\u00e4mf\u00f6ra och v\u00e4lja r\u00e4tt vidareutbildning.<\/span>\n            <\/div>\n                    <div class=\"flex flex-col items-center gap-3 rounded-2xl border border-neutral bg-white p-6 text-center\">\n                <div class=\"flex h-12 w-12 items-center justify-center rounded-xl bg-slate-100 text-white\">\n                    <i class=\"far fa-graduation-cap text-lg text-primary\"><\/i>\n                <\/div>\n                <h3 class=\"mb-2 mt-0 max-w-md text-md font-bold text-slate-800\">Ta n\u00e4sta steg i karri\u00e4ren<\/h3>\n                <span class=\"max-w-md text-sm\">Oavsett om du vill bli specialistsjuksk\u00f6terska, f\u00f6rdjupa din kompetens eller utvecklas i din roll inom v\u00e5rden hittar du utbildningar som hj\u00e4lper dig vidare.<\/span>\n            <\/div>\n            <\/div>\n","protected":false},"excerpt":{"rendered":"","protected":false},"author":1,"featured_media":0,"parent":0,"menu_order":0,"comment_status":"closed","ping_status":"closed","template":"","meta":{"_acf_changed":false,"footnotes":""},"class_list":["post-27","page","type-page","status-publish","hentry"],"acf":[],"_links":{"self":[{"href":"https:\/\/utbildningssite.noboxdesign.se\/wp\/wp-json\/wp\/v2\/pages\/27","targetHints":{"allow":["GET"]}}],"collection":[{"href":"https:\/\/utbildningssite.noboxdesign.se\/wp\/wp-json\/wp\/v2\/pages"}],"about":[{"href":"https:\/\/utbildningssite.noboxdesign.se\/wp\/wp-json\/wp\/v2\/types\/page"}],"author":[{"embeddable":true,"href":"https:\/\/utbildningssite.noboxdesign.se\/wp\/wp-json\/wp\/v2\/users\/1"}],"replies":[{"embeddable":true,"href":"https:\/\/utbildningssite.noboxdesign.se\/wp\/wp-json\/wp\/v2\/comments?post=27"}],"version-history":[{"count":4,"href":"https:\/\/utbildningssite.noboxdesign.se\/wp\/wp-json\/wp\/v2\/pages\/27\/revisions"}],"predecessor-version":[{"id":123,"href":"https:\/\/utbildningssite.noboxdesign.se\/wp\/wp-json\/wp\/v2\/pages\/27\/revisions\/123"}],"wp:attachment":[{"href":"https:\/\/utbildningssite.noboxdesign.se\/wp\/wp-json\/wp\/v2\/media?parent=27"}],"curies":[{"name":"wp","href":"https:\/\/api.w.org\/{rel}","templated":true}]}}